{"id":97,"date":"2026-01-24T20:11:48","date_gmt":"2026-01-24T18:11:48","guid":{"rendered":"https:\/\/at3l.fr\/?page_id=97"},"modified":"2026-01-24T20:15:22","modified_gmt":"2026-01-24T18:15:22","slug":"riasec","status":"publish","type":"page","link":"https:\/\/at3l.fr\/index.php\/riasec\/","title":{"rendered":"RIASEC"},"content":{"rendered":"\t\t<div data-elementor-type=\"wp-page\" data-elementor-id=\"97\" class=\"elementor elementor-97\">\n\t\t\t\t<div class=\"elementor-element elementor-element-d357af5 e-flex e-con-boxed e-con e-parent\" data-id=\"d357af5\" data-element_type=\"container\">\n\t\t\t\t\t<div class=\"e-con-inner\">\n\t\t\t\t<div class=\"elementor-element elementor-element-714602c elementor-widget elementor-widget-heading\" data-id=\"714602c\" data-element_type=\"widget\" data-widget_type=\"heading.default\">\n\t\t\t\t\t<h2 class=\"elementor-heading-title elementor-size-default\">Ajoutez votre titre ici<\/h2>\t\t\t\t<\/div>\n\t\t\t\t<div class=\"elementor-element elementor-element-bde86a5 elementor-widget elementor-widget-shortcode\" data-id=\"bde86a5\" data-element_type=\"widget\" data-widget_type=\"shortcode.default\">\n\t\t\t\t\t\t\t<div class=\"elementor-shortcode\">\n<div class=\"wpum-template wpum-form wpum-registration-form\">\n\n\t\n\t<form action=\"\/index.php\/wp-json\/wp\/v2\/pages\/97\" method=\"post\" id=\"wpum-submit-registration-form\" enctype=\"multipart\/form-data\">\n\n\t\t\n\t\t\t\n<fieldset  class=\"fieldset-user_email\" >\n\n\n\t\t\t\t\t<label for=\"user_email\">\n\t\t\t\tEmail\t\t\t\t\t\t\t\t\t<span class=\"wpum-required\">*<\/span>\n\t\t\t\t\t\t\t<\/label>\n\t\t\t\t<div class=\"field required-field\">\n\t\t\t\n<input\n\ttype=\"email\"\n\tclass=\"input-email\"\n\tname=\"user_email\"\n\t\tid=\"user_email\"\n\tplaceholder=\"\"\n\tvalue=\"\"\n\tmaxlength=\"\"\n\trequired\t\/>\n\t\t<\/div>\n\n\t\n<\/fieldset>\n\n\t\t\n\t\t\t\n<fieldset  class=\"fieldset-robo\" >\n\n\n\t\t\t\t\t<label for=\"robo\">\n\t\t\t\tSi vous \u00eates humain, laissez cette case vide\u00a0:\t\t\t\t\t\t\t<\/label>\n\t\t\t\t<div class=\"field \">\n\t\t\t\n<input\n\ttype=\"text\"\n\tclass=\"input-text\"\n\tname=\"robo\"\n\t\tid=\"robo\"\n\tplaceholder=\"\"\n\tvalue=\"\"\n\tmaxlength=\"\"\n\t\t\t\/>\n\t\t<\/div>\n\n\t\n<\/fieldset>\n\n\t\t\n\t\t\t\n<fieldset  class=\"fieldset-user_firstname\" >\n\n\n\t\t\t\t\t<label for=\"user_firstname\">\n\t\t\t\tFirst name\t\t\t\t\t\t\t<\/label>\n\t\t\t\t<div class=\"field \">\n\t\t\t\n<input\n\ttype=\"text\"\n\tclass=\"input-text\"\n\tname=\"user_firstname\"\n\t\tid=\"user_firstname\"\n\tplaceholder=\"\"\n\tvalue=\"\"\n\tmaxlength=\"\"\n\t\t\t\/>\n\t\t<\/div>\n\n\t\n<\/fieldset>\n\n\t\t\n\t\t\t\n<fieldset  class=\"fieldset-privacy\" >\n\n\n\t\t<label for=\"privacy\">\n\t\t\t<span class=\"field required-field\">\n\t\t\t\t\n<input type=\"checkbox\" class=\"input-checkbox\" name=\"privacy\" id=\"privacy\"  value=\"1\"\n\t\t\t\t\t\t\t\t\t\t\t\t\t\t\t   required \/>\n\t<small class=\"description\">J\u2019ai lu et j\u2019accepte la <a href=\"https:\/\/at3l.fr\/?page_id=3\" target=\"_blank\">politique de confidentialit\u00e9<\/a> et j\u2019autorise \u00ab\u00a0AT3L\" \u00e0 collecter et \u00e0 stocker les donn\u00e9es que j\u2019envoie par l\u2019interm\u00e9diaire de ce formulaire.<\/small>\t\t\t<\/span>\n\t\t\t\t\t\t\t\t\t\t<span class=\"wpum-required\">*<\/span>\n\t\t\t\t\t<\/label>\n\n\t\n<\/fieldset>\n\n\t\t\n\t\t<input type=\"hidden\" name=\"wpum_form\" value=\"registration\" \/>\n\t\t<input type=\"hidden\" name=\"step\" value=\"0\" \/>\n\t\t<input type=\"hidden\" id=\"registration_nonce\" name=\"registration_nonce\" value=\"858eb30726\" \/><input type=\"hidden\" name=\"_wp_http_referer\" value=\"\/index.php\/wp-json\/wp\/v2\/pages\/97\" \/>\n\t\t\n\t\t\t\t<input type=\"submit\" name=\"submit_registration\" class=\"button\"\n\t\t\t   value=\"S\u2019inscrire\"\/>\n\n\t<\/form>\n\n\t\n<\/div>\n\n<ul class=\"wpum-action-links\">\n\t\t\t<\/ul>\n<\/div>\n\t\t\t\t\t\t<\/div>\n\t\t\t\t\t<\/div>\n\t\t\t\t<\/div>\n\t\t\t\t<\/div>\n\t\t","protected":false},"excerpt":{"rendered":"<p>Ajoutez votre titre ici<\/p>\n","protected":false},"author":1,"featured_media":0,"parent":0,"menu_order":0,"comment_status":"closed","ping_status":"closed","template":"","meta":{"footnotes":""},"class_list":["post-97","page","type-page","status-publish","hentry"],"_links":{"self":[{"href":"https:\/\/at3l.fr\/index.php\/wp-json\/wp\/v2\/pages\/97","targetHints":{"allow":["GET"]}}],"collection":[{"href":"https:\/\/at3l.fr\/index.php\/wp-json\/wp\/v2\/pages"}],"about":[{"href":"https:\/\/at3l.fr\/index.php\/wp-json\/wp\/v2\/types\/page"}],"author":[{"embeddable":true,"href":"https:\/\/at3l.fr\/index.php\/wp-json\/wp\/v2\/users\/1"}],"replies":[{"embeddable":true,"href":"https:\/\/at3l.fr\/index.php\/wp-json\/wp\/v2\/comments?post=97"}],"version-history":[{"count":4,"href":"https:\/\/at3l.fr\/index.php\/wp-json\/wp\/v2\/pages\/97\/revisions"}],"predecessor-version":[{"id":101,"href":"https:\/\/at3l.fr\/index.php\/wp-json\/wp\/v2\/pages\/97\/revisions\/101"}],"wp:attachment":[{"href":"https:\/\/at3l.fr\/index.php\/wp-json\/wp\/v2\/media?parent=97"}],"curies":[{"name":"wp","href":"https:\/\/api.w.org\/{rel}","templated":true}]}}